{"id":232,"date":"2025-10-07T07:52:47","date_gmt":"2025-10-07T05:52:47","guid":{"rendered":"https:\/\/internavigare.com\/pubblica-amministrazione\/?page_id=232"},"modified":"2025-10-09T10:45:47","modified_gmt":"2025-10-09T08:45:47","slug":"privacy-policy","status":"publish","type":"page","link":"https:\/\/internavigare.com\/pubblica-amministrazione\/privacy-policy\/","title":{"rendered":"Privacy Policy"},"content":{"rendered":"<div class=\"wpb-content-wrapper\">[vc_row pix_particles_check=&#8221;&#8221;][vc_column][vc_column_text css=&#8221;&#8221;]\r\n<h4>Chi siamo<\/h4>\r\nL\u2019indirizzo del nostro sito web \u00e8: https:\/\/www.internavigare.com\r\n\r\nI nostri dati di contatto sono:\r\n\r\n<strong>Internavigare s.r.l<\/strong>\u00a0.\r\nSede legale: Via Toscana, 3 \u2013 26854 Cornegliano Laudense (LO)\r\nSede Operativa: Via IV Novembre 2 \u2013 22070 Bulgarograsso (CO)\r\nTel: 031890624\r\nEmail: dpo@internavigare.com\r\nPEC: internavigaresrl@arubapec.it\r\n\r\n<strong>Informativa sul trattamento dei dati personali\u00a0ex artt. 13-14 Reg.to UE 2016\/679<\/strong>\r\n\r\n<strong>DEFINIZIONI<\/strong>\r\nDati personali (o Dati)\r\n\r\nCostituisce dato personale qualunque informazione relativa a persona fisica, identificata o identificabile, anche indirettamente, mediante riferimento a qualsiasi altra informazione, ivi compreso un numero di identificazione personale.\r\n\r\n<strong>Dati di Utilizzo<\/strong>\r\n\r\nSono i dati personali raccolti in maniera automatica dal Sito (o dalle applicazioni di parti terze che il Sito utilizza), tra i quali rientrano a titolo esemplificativo: gli indirizzi IP o i nomi a dominio dei computer utilizzati dall\u2019Utente che si connette al Sito, gli indirizzi in notazione URI (Uniform Resource Identifier), l\u2019orario della richiesta, il metodo utilizzato nel sottoporre la richiesta al server, la dimensione del file ottenuto in risposta, il codice numerico indicante lo stato della risposta dal server (buon fine, errore, ecc.), il Paese di provenienza, le caratteristiche del browser e del sistema operativo utilizzati dal visitatore, le varie connotazioni temporali della visita (ad esempio il tempo di permanenza su ciascuna pagina) e i dettagli relativi all\u2019itinerario seguito all\u2019interno del Sito, con particolare riferimento alla sequenza delle pagine consultate, ai parametri relativi al sistema operativo e all\u2019ambiente informatico dell\u2019Utente.\r\n\r\n<strong>Utente o Interessato<\/strong>\r\n\r\nLa persona che si collega al Sito e a cui si riferiscono i Dati Personali\r\n\r\n<strong>DATI PERSONALI OGGETTO DELLA PRESENTE INFORMATIVA<\/strong>\r\n\r\nLa presente informativa si riferisce ai dati personali delle persone fisiche che richiedono a Internavigare srl o a Partner commerciali i seguenti servizi:\r\n<ul class=\"wp-block-list\">\r\n \t<li>Informazioni tramite il form on line.<\/li>\r\n \t<li>Acquisto di prodotti dal sito di e-commerce o informazioni relative ai medesimi prodotti.<\/li>\r\n \t<li>Iscritti alla mailing list.<\/li>\r\n \t<li>Richieste di assistenza tramite piattaforma di ticketing on line.<\/li>\r\n<\/ul>\r\n<strong>SITI INTERESSATI<\/strong>\r\n\r\nLa presente informativa si riferisce ai servizi messi a disposizione dai seguenti siti web:\r\n<ul class=\"wp-block-list\">\r\n \t<li>internavigare.com<\/li>\r\n \t<li>Rispettivi domini di secondo livello<\/li>\r\n<\/ul>\r\n<strong>ESTREMI IDENTIFICATIVI E DATI DI CONTATTO DEL TITOLARE DEL TRATTAMENTO<\/strong>\r\n\r\nCome richiesto dalle Linee Guida in materia di trasparenza WP 260\/2017, si forniscono in prima battuta gli estremi identificativi del Titolare del trattamento dei dati e tutte le informazioni per contattarlo rapidamente.\r\n\r\n<strong>Internavigare srl<\/strong>\u00a0nella persona del suo legale rappresentante pro tempore.\r\n\r\nSede legale: Via Toscana, 3 \u2013 26854 Cornegliano Laudense (LO)\r\n\r\nSede Operativa: Via IV Novembre 2 \u2013 22070 Bulgarograsso (CO), Tel: 031890624 P.IVA e numero di iscrizione al Registro delle Imprese di Lodi P.IVA\/C.F. IT14190170960\r\n\r\nCapitale sociale Euro 10.000,00 i.v.\r\n\r\nEmail: dpo@internavigare.com, PEC: internavigaresrl@arubapec.it, Sito web: https:\/\/www.internavigare.com\r\n\r\nINTERNAVIGARE SRL nella qualit\u00e0 di \u201cTitolare del Trattamento\u201d dei Suoi dati personali, ai sensi e per gli effetti del Reg.to UE 2016\/679 di seguito \u2018GDPR\u2019, con la presente La informa che la citata normativa prevede la tutela degli interessati rispetto al trattamento dei dati personali e che tale trattamento sar\u00e0 improntato ai principi di correttezza, liceit\u00e0, trasparenza e tutela della Sua riservatezza e dei Suoi diritti.\r\n\r\n<strong>FINALIT\u00c0<\/strong>\r\n\r\nI Suoi dati personali verranno trattati in accordo alle disposizioni legislative della normativa sopra richiamata e degli obblighi di riservatezza ivi previsti. I Suoi dati personali potranno inoltre, previo suo consenso, essere utilizzati per le seguenti finalit\u00e0.\r\n\r\nFinalit\u00e0 primarie:\r\n<ul class=\"wp-block-list\">\r\n \t<li>Evasione dei servizi richiesti (es. acquisto merce o richiesta informazioni)<\/li>\r\n \t<li>Richiesta di supporto tecnico mediante piattaforma di ticketing on-line.<\/li>\r\n<\/ul>\r\nFinalit\u00e0 secondarie:\r\n<ul class=\"wp-block-list\">\r\n \t<li>Invio di mail riguardanti attivit\u00e0 promozionali<\/li>\r\n \t<li>Presentazione delle funzionalit\u00e0 dei nostri prodotti e servizi.<\/li>\r\n<\/ul>\r\nIl conferimento dei dati \u00e8 per Lei facoltativo riguardo alle sopraindicate finalit\u00e0 secondarie mentre per le finalit\u00e0 primarie il consenso, anche se richiesto, \u00e8 da intendersi implicito nell\u2019interesse del richiedente. In ogni caso un eventuale diniego comporter\u00e0 l\u2019impossibilit\u00e0 di accedere al servizio.\r\n\r\n<strong>MODALIT\u00c0 DEL TRATTAMENTO<\/strong>\r\n\r\nI suoi dati personali potranno essere trattati nei seguenti modi:\r\n<ul class=\"wp-block-list\">\r\n \t<li>Trattamento automatizzato con utilizzo di risorse hardware e software gestiti da Internavigare srl;<\/li>\r\n \t<li>Trattamento automatizzato con utilizzo di risorse hardware e software gestiti da societ\u00e0 terze nominate responsabili del Trattamento;<\/li>\r\n<\/ul>\r\nOgni trattamento, incluso il trattamento effettuato dai terzi autorizzati a titolo di Responsabili esterni del trattamento, avviene nel rispetto delle modalit\u00e0 di cui agli artt. 6, 32 del GDPR e mediante l\u2019adozione delle adeguate misure di sicurezza previste.\r\n\r\n<strong>COMUNICAZIONE<\/strong>\r\n\r\nI suoi dati saranno comunicati esclusivamente a soggetti competenti e debitamente nominati per l\u2019espletamento dei servizi necessari ad una corretta gestione del rapporto, con garanzia di tutela dei diritti dell\u2019interessato. I suoi dati saranno trattati unicamente da personale espressamente autorizzato dal Titolare ed, in particolare, dalle seguenti categorie di addetti:\r\n<ul class=\"wp-block-list\">\r\n \t<li>Ufficio Amministrazione e Contabilit\u00e0<\/li>\r\n \t<li>Ufficio Commerciale e agenti.<\/li>\r\n \t<li>Ufficio Marketing.<\/li>\r\n<\/ul>\r\n<strong>TRASFERIMENTO DEI DATI PERSONALI VERSO PAESI NON APPARTENENTI ALLA UNIONE EUROPEA.<\/strong>\r\n\r\nI suoi dati personali non verranno diffusi in alcun modo. Potranno essere trasferiti limitatamente alle finalit\u00e0 sopra riportate. Ai sensi dell\u2019art. 13, comma 1, lettera (f) del Regolamento, si informa che alcuni Suoi dati personali potranno essere trasferiti a un paese terzo al di fuori della Unione Europea. Si tratta in particolare degli Stati Uniti d\u2019America ove hanno sede alcune societ\u00e0 fornitrici di servizi connessi alla gestione del Contratto e del Sito (es. servizi in cloud).\r\n\r\nTale trasferimento, avverr\u00e0 ai sensi dell\u2019articolo 46 (Trasferimento soggetto a garanzie adeguate), esclusivamente verso operatori che rispettano le clausole tipo di protezione dei dati adottate dalla Commissione UE.\r\n\r\n<strong>FACOLTATIVIT\u00c0 DEL CONSENSO PER IL PERSEGUIMENTO DELLE FINALIT\u00c0 SECONDARIE<\/strong>\r\n\r\nRichiamiamo con particolare attenzione il fatto che il conferimento dei dati personali alla Societ\u00e0 e la prestazione del consenso al Trattamento per Finalit\u00e0 di Marketing, qualora richiesti, per gli scopi e con le modalit\u00e0 sopra illustrate sono assolutamente facoltativi ed opzionali (e comunque revocabili senza formalit\u00e0 anche successivamente alla prestazione) e il mancato conferimento non determiner\u00e0 conseguenze diverse dall\u2019impossibilit\u00e0 per la Societ\u00e0 di procedere ai trattamenti marketing menzionati.\r\n\r\nIn caso di diniego del consenso marketing non vi sar\u00e0 alcuna interferenza e\/o conseguenza sui rapporti negoziali, contrattuali o di altro tipo di cui al Contratto e i cui trattamenti dei dati personali rientrino nelle finalit\u00e0 primarie del trattamento.\r\n\r\n<strong>TEMPI DI CONSERVAZIONE DEI DATI E ALTRE INFORMAZIONI<\/strong>\r\n\r\nI dati saranno conservati per i tempi definiti dalla normativa di riferimento, che di seguito si specificano ai sensi dell\u2019art. 13, comma 2, lettera (a) del Regolamento:\r\n<ul class=\"wp-block-list\">\r\n \t<li>Dieci anni decorrenti dalla cessazione del rapporto contrattuale per i documenti e relativi dati di natura civilistica, contabile e fiscale come previsti dalle leggi in vigore.<\/li>\r\n \t<li>Con riferimento invece ai dati personali oggetto di Trattamento per Finalit\u00e0 di Marketing o di Trattamento per finalit\u00e0 di Profilazione gli stessi saranno conservati nel rispetto del principio di proporzionalit\u00e0 e minimizzazione per la sola durata del Contratto o \u2013 se pure il Contratto continui ad essere vigente \u2013 fino a che non intervenga la revoca del consenso specifico da parte dell\u2019interessato ai trattamenti accessori e secondari di marketing e profilazione (ivi inclusa la comunicazione a terzi per i medesimi scopi), e dunque i tempi di conservazione in questo caso sono legati alla scelta dell\u2019interessato di procedere alla revoca.<\/li>\r\n<\/ul>\r\n<strong>DIRITTI DELL\u2019INTERESSATO (REG.UE\/2016\/679: ARTT. 15, 16, 17, 18, 19, 20, 21, 22)<\/strong>\r\n\r\nLei ha diritto di ottenere dal titolare:\r\n<ul class=\"wp-block-list\">\r\n \t<li>la cancellazione (diritto all\u2019oblio);<\/li>\r\n \t<li>la limitazione, l\u2019aggiornamento;<\/li>\r\n \t<li>la rettificazione;<\/li>\r\n \t<li>la portabilit\u00e0;<\/li>\r\n \t<li>l\u2019opposizione al trattamento dei dati personali che La riguardano;<\/li>\r\n<\/ul>\r\nNello specifico gli artt. 15, 16, 17, 18, 19, 20, 21, 22 del GDPR prevedono che l\u2019interessato ha diritto di ottenere la conferma dell\u2019esistenza o meno di dati personali che lo riguardano, anche se non ancora registrati, e la loro comunicazione in forma intelligibile.\r\n\r\nA) L\u2019interessato ha diritto di ottenere l\u2019indicazione:\r\n<ul class=\"wp-block-list\">\r\n \t<li>dell\u2019origine dei dati personali;<\/li>\r\n \t<li>delle finalit\u00e0 e modalit\u00e0 del trattamento;<\/li>\r\n \t<li>della logica applicata in caso di trattamento effettuato con l\u2019ausilio di strumenti elettronici;<\/li>\r\n \t<li>degli estremi identificativi del titolare, dei responsabili e del rappresentante designato ai sensi dell\u2019articolo 5, comma 2;<\/li>\r\n \t<li>dei soggetti o delle categorie di soggetti ai quali i dati personali possono essere comunicati o che possono venirne a conoscenza in qualit\u00e0 di rappresentante designato nel territorio dello Stato, di responsabili o incaricati.<\/li>\r\n<\/ul>\r\nB) L\u2019interessato ha diritto di ottenere:\r\n<ul class=\"wp-block-list\">\r\n \t<li>l\u2019aggiornamento, la rettificazione ovvero, quando vi ha interesse, l\u2019integrazione dei dati;<\/li>\r\n \t<li>la cancellazione, la trasformazione in forma anonima o il blocco dei dati trattati in violazione di legge, compresi quelli di cui non \u00e8 necessaria la conservazione in relazione agli scopi per i quali i dati sono stati raccolti o successivamente trattati;<\/li>\r\n \t<li>l\u2019attestazione che le operazioni di cui alle lettere a) e b) sono state portate a conoscenza, anche per quanto riguarda il loro contenuto, di coloro ai quali i dati sono stati comunicati o diffusi, eccettuato il caso in cui tale adempimento si rivela impossibile o comporta un impiego di mezzi manifestamente sproporzionato rispetto al diritto tutelato;<\/li>\r\n \t<li>la portabilit\u00e0 dei dati.<\/li>\r\n<\/ul>\r\nC) L\u2019interessato ha diritto di opporsi, in tutto o in parte\r\n<ul class=\"wp-block-list\">\r\n \t<li>per motivi legittimi al trattamento dei dati personali che lo riguardano, ancorch\u00e9 pertinenti allo scopo della raccolta;<\/li>\r\n \t<li>al trattamento di dati personali che lo riguardano a fini di invio di materiale pubblicitario o di vendita diretta o per il compimento di ricerche di mercato o di comunicazione commerciale.<\/li>\r\n<\/ul>\r\n<strong>ESERCIZIO DEI DIRITTI DA PARTE DELL\u2019INTERESSATO<\/strong>\r\n\r\nAi sensi degli articoli 13, comma 2, lettere (b) e (d), da 15 a 22 del Regolamento, si informa l\u2019interessato che:\r\n\r\na) ha il diritto di chiedere alla Societ\u00e0 l\u2019accesso ai dati personali, la rettifica o la cancellazione degli stessi o la limitazione del trattamento che lo riguardano o di opporsi al loro trattamento, nei casi previsti;\r\n\r\nb) ha il diritto di proporre \u2014 in Italia \u2013 un reclamo al Garante per la protezione dei dati personali, se Autorit\u00e0 competente, seguendo le procedure e le indicazioni pubblicate sul sito web ufficiale dell\u2019Autorit\u00e0 su www.garanteprivacy.it;\r\n\r\nc) in alternativa, ha diritto di proporre un reclamo ad altra competente Autorit\u00e0 privacy europea ubicata nel luogo di abituale residenza o domicilio in Europa di chi contesta una violazione dei propri diritti, seguendo le procedure e le indicazioni del caso;\r\n\r\nd) le eventuali rettifiche o cancellazioni o limitazioni del trattamento effettuate su richiesta dell\u2019interessato \u2013 salvo che ci\u00f2 si riveli impossibile o implichi uno sforzo sproporzionato \u2014 saranno comunicate dalla Societ\u00e0 a ciascuno dei destinatari cui sono stati trasmessi i dati personali.\r\n\r\nL\u2019esercizio dei diritti non \u00e8 soggetto ad alcun vincolo di forma ed \u00e8 gratuito. Solo in caso di richiesta di ulteriori copie dei dati richieste dall\u2019interessato, la Societ\u00e0 potr\u00e0 addebitare un contributo spese ragionevole basato sui costi amministrativi. Se l\u2019interessato presenta la richiesta mediante mezzi elettronici, e salvo indicazione diversa dell\u2019interessato, le informazioni sono fornite in un formato elettronico di uso comune. Lo specifico indirizzo della Societ\u00e0 per trasmettere istanze di esercizio dei diritti come riconosciuti dal Regolamento \u00e8 il seguente: dpo@internavigare.com .\r\n\r\nNon sono richieste altre formalit\u00e0. Il riscontro verr\u00e0 dato nei termini previsti dall\u2019articolo 12, comma 3 del Regolamento (\u201c<em>Il titolare del trattamento fornisce all\u2019interessato le informazioni relative all\u2019azione intrapresa riguardo a una richiesta ai sensi degli articoli da 15 a 22 senza ingiustificato ritardo e, comunque,\u00a0<strong>al pi\u00f9 tardi entro un mese dal ricevimento della richiesta stessa<\/strong>. Tale termine pu\u00f2 essere prorogato di due mesi, se necessario, tenuto conto della complessit\u00e0 e del numero delle richieste. Il titolare del trattamento informa l\u2019interessato di tale proroga, e dei motivi del ritardo, entro un mese dal ricevimento della richiesta. Se l\u2019interessato presenta la richiesta mediante mezzi elettronici, le informazioni sono fornite, ove possibile, con mezzi elettronici, salvo diversa indicazione dell\u2019interessato<\/em>\u201c)\r\n\r\nIn base a quanto previsto dalle Linee Guida in materia di trasparenza WP 260\/2017 emanate dal Gruppo dei Garanti UE, nella indicazione dei diritti dell\u2019interessato il titolare del trattamento deve specificare un sommario\/sintesi di ciascun diritto in questione e deve fornire separate indicazioni sul diritto alla portabilit\u00e0.[\/vc_column_text][\/vc_column][\/vc_row]<\/div>","protected":false},"excerpt":{"rendered":"[vc_row pix_particles_check=&#8221;&#8221;][vc_column][vc_column_text css=&#8221;&#8221;] Chi siamo L\u2019indirizzo del nostro sito web \u00e8: https:\/\/www.internavigare.com I nostri dati di contatto sono: Internavigare s.r.l\u00a0. Sede legale: Via Toscana, 3 \u2013 26854 Cornegliano Laudense (LO) Sede Operativa: Via IV Novembre 2 \u2013 22070 Bulgarograsso (CO)&#8230;","protected":false},"author":1,"featured_media":0,"parent":0,"menu_order":0,"comment_status":"closed","ping_status":"open","template":"","meta":{"footnotes":""},"class_list":["post-232","page","type-page","status-publish","hentry"],"yoast_head":"<!-- This site is optimized with the Yoast SEO plugin v27.3 - https:\/\/yoast.com\/product\/yoast-seo-wordpress\/ -->\n<title>Privacy Policy - Pubblica Amministrazione<\/title>\n<meta name=\"robots\" content=\"index, follow, max-snippet:-1, max-image-preview:large, max-video-preview:-1\" \/>\n<link rel=\"canonical\" href=\"https:\/\/internavigare.com\/pubblica-amministrazione\/privacy-policy\/\" \/>\n<meta property=\"og:locale\" content=\"it_IT\" \/>\n<meta property=\"og:type\" content=\"article\" \/>\n<meta property=\"og:title\" content=\"Privacy Policy - Pubblica Amministrazione\" \/>\n<meta property=\"og:description\" content=\"[vc_row pix_particles_check=&#8221;&#8221;][vc_column][vc_column_text css=&#8221;&#8221;] Chi siamo L\u2019indirizzo del nostro sito web \u00e8: https:\/\/www.internavigare.com I nostri dati di contatto sono: Internavigare s.r.l\u00a0. Sede legale: Via Toscana, 3 \u2013 26854 Cornegliano Laudense (LO) Sede Operativa: Via IV Novembre 2 \u2013 22070 Bulgarograsso (CO)...\" \/>\n<meta property=\"og:url\" content=\"https:\/\/internavigare.com\/pubblica-amministrazione\/privacy-policy\/\" \/>\n<meta property=\"og:site_name\" content=\"Pubblica Amministrazione\" \/>\n<meta property=\"article:modified_time\" content=\"2025-10-09T08:45:47+00:00\" \/>\n<meta name=\"twitter:card\" content=\"summary_large_image\" \/>\n<meta name=\"twitter:label1\" content=\"Tempo di lettura stimato\" \/>\n\t<meta name=\"twitter:data1\" content=\"10 minuti\" \/>\n<script type=\"application\/ld+json\" class=\"yoast-schema-graph\">{\"@context\":\"https:\\\/\\\/schema.org\",\"@graph\":[{\"@type\":\"WebPage\",\"@id\":\"https:\\\/\\\/internavigare.com\\\/pubblica-amministrazione\\\/privacy-policy\\\/\",\"url\":\"https:\\\/\\\/internavigare.com\\\/pubblica-amministrazione\\\/privacy-policy\\\/\",\"name\":\"Privacy Policy - Pubblica Amministrazione\",\"isPartOf\":{\"@id\":\"https:\\\/\\\/internavigare.com\\\/pubblica-amministrazione\\\/#website\"},\"datePublished\":\"2025-10-07T05:52:47+00:00\",\"dateModified\":\"2025-10-09T08:45:47+00:00\",\"breadcrumb\":{\"@id\":\"https:\\\/\\\/internavigare.com\\\/pubblica-amministrazione\\\/privacy-policy\\\/#breadcrumb\"},\"inLanguage\":\"it-IT\",\"potentialAction\":[{\"@type\":\"ReadAction\",\"target\":[\"https:\\\/\\\/internavigare.com\\\/pubblica-amministrazione\\\/privacy-policy\\\/\"]}]},{\"@type\":\"BreadcrumbList\",\"@id\":\"https:\\\/\\\/internavigare.com\\\/pubblica-amministrazione\\\/privacy-policy\\\/#breadcrumb\",\"itemListElement\":[{\"@type\":\"ListItem\",\"position\":1,\"name\":\"Home\",\"item\":\"https:\\\/\\\/internavigare.com\\\/pubblica-amministrazione\\\/\"},{\"@type\":\"ListItem\",\"position\":2,\"name\":\"Privacy Policy\"}]},{\"@type\":\"WebSite\",\"@id\":\"https:\\\/\\\/internavigare.com\\\/pubblica-amministrazione\\\/#website\",\"url\":\"https:\\\/\\\/internavigare.com\\\/pubblica-amministrazione\\\/\",\"name\":\"Pubblica Amministrazione\",\"description\":\"\",\"potentialAction\":[{\"@type\":\"SearchAction\",\"target\":{\"@type\":\"EntryPoint\",\"urlTemplate\":\"https:\\\/\\\/internavigare.com\\\/pubblica-amministrazione\\\/?s={search_term_string}\"},\"query-input\":{\"@type\":\"PropertyValueSpecification\",\"valueRequired\":true,\"valueName\":\"search_term_string\"}}],\"inLanguage\":\"it-IT\"}]}<\/script>\n<!-- \/ Yoast SEO plugin. -->","yoast_head_json":{"title":"Privacy Policy - Pubblica Amministrazione","robots":{"index":"index","follow":"follow","max-snippet":"max-snippet:-1","max-image-preview":"max-image-preview:large","max-video-preview":"max-video-preview:-1"},"canonical":"https:\/\/internavigare.com\/pubblica-amministrazione\/privacy-policy\/","og_locale":"it_IT","og_type":"article","og_title":"Privacy Policy - Pubblica Amministrazione","og_description":"[vc_row pix_particles_check=&#8221;&#8221;][vc_column][vc_column_text css=&#8221;&#8221;] Chi siamo L\u2019indirizzo del nostro sito web \u00e8: https:\/\/www.internavigare.com I nostri dati di contatto sono: Internavigare s.r.l\u00a0. Sede legale: Via Toscana, 3 \u2013 26854 Cornegliano Laudense (LO) Sede Operativa: Via IV Novembre 2 \u2013 22070 Bulgarograsso (CO)...","og_url":"https:\/\/internavigare.com\/pubblica-amministrazione\/privacy-policy\/","og_site_name":"Pubblica Amministrazione","article_modified_time":"2025-10-09T08:45:47+00:00","twitter_card":"summary_large_image","twitter_misc":{"Tempo di lettura stimato":"10 minuti"},"schema":{"@context":"https:\/\/schema.org","@graph":[{"@type":"WebPage","@id":"https:\/\/internavigare.com\/pubblica-amministrazione\/privacy-policy\/","url":"https:\/\/internavigare.com\/pubblica-amministrazione\/privacy-policy\/","name":"Privacy Policy - Pubblica Amministrazione","isPartOf":{"@id":"https:\/\/internavigare.com\/pubblica-amministrazione\/#website"},"datePublished":"2025-10-07T05:52:47+00:00","dateModified":"2025-10-09T08:45:47+00:00","breadcrumb":{"@id":"https:\/\/internavigare.com\/pubblica-amministrazione\/privacy-policy\/#breadcrumb"},"inLanguage":"it-IT","potentialAction":[{"@type":"ReadAction","target":["https:\/\/internavigare.com\/pubblica-amministrazione\/privacy-policy\/"]}]},{"@type":"BreadcrumbList","@id":"https:\/\/internavigare.com\/pubblica-amministrazione\/privacy-policy\/#breadcrumb","itemListElement":[{"@type":"ListItem","position":1,"name":"Home","item":"https:\/\/internavigare.com\/pubblica-amministrazione\/"},{"@type":"ListItem","position":2,"name":"Privacy Policy"}]},{"@type":"WebSite","@id":"https:\/\/internavigare.com\/pubblica-amministrazione\/#website","url":"https:\/\/internavigare.com\/pubblica-amministrazione\/","name":"Pubblica Amministrazione","description":"","potentialAction":[{"@type":"SearchAction","target":{"@type":"EntryPoint","urlTemplate":"https:\/\/internavigare.com\/pubblica-amministrazione\/?s={search_term_string}"},"query-input":{"@type":"PropertyValueSpecification","valueRequired":true,"valueName":"search_term_string"}}],"inLanguage":"it-IT"}]}},"_links":{"self":[{"href":"https:\/\/internavigare.com\/pubblica-amministrazione\/wp-json\/wp\/v2\/pages\/232","targetHints":{"allow":["GET"]}}],"collection":[{"href":"https:\/\/internavigare.com\/pubblica-amministrazione\/wp-json\/wp\/v2\/pages"}],"about":[{"href":"https:\/\/internavigare.com\/pubblica-amministrazione\/wp-json\/wp\/v2\/types\/page"}],"author":[{"embeddable":true,"href":"https:\/\/internavigare.com\/pubblica-amministrazione\/wp-json\/wp\/v2\/users\/1"}],"replies":[{"embeddable":true,"href":"https:\/\/internavigare.com\/pubblica-amministrazione\/wp-json\/wp\/v2\/comments?post=232"}],"version-history":[{"count":4,"href":"https:\/\/internavigare.com\/pubblica-amministrazione\/wp-json\/wp\/v2\/pages\/232\/revisions"}],"predecessor-version":[{"id":645,"href":"https:\/\/internavigare.com\/pubblica-amministrazione\/wp-json\/wp\/v2\/pages\/232\/revisions\/645"}],"wp:attachment":[{"href":"https:\/\/internavigare.com\/pubblica-amministrazione\/wp-json\/wp\/v2\/media?parent=232"}],"curies":[{"name":"wp","href":"https:\/\/api.w.org\/{rel}","templated":true}]}}